{"id":6,"date":"2015-09-07T19:27:37","date_gmt":"2015-09-07T19:27:37","guid":{"rendered":"http:\/\/kratzer.cz\/?page_id=6"},"modified":"2020-11-13T13:02:17","modified_gmt":"2020-11-13T11:02:17","slug":"o-firme","status":"publish","type":"page","link":"https:\/\/kratzer.cz\/de\/","title":{"rendered":"Firma"},"content":{"rendered":"<p><img loading=\"lazy\" decoding=\"async\" class=\"alignright wp-image-133\" src=\"http:\/\/kratzercz.cz\/wp-content\/uploads\/pano_kratzer.jpg\" alt=\"pano_kratzer\" width=\"513\" height=\"308\" srcset=\"https:\/\/kratzer.cz\/wp-content\/uploads\/pano_kratzer.jpg 900w, https:\/\/kratzer.cz\/wp-content\/uploads\/pano_kratzer-300x180.jpg 300w, https:\/\/kratzer.cz\/wp-content\/uploads\/pano_kratzer-768x461.jpg 768w, https:\/\/kratzer.cz\/wp-content\/uploads\/pano_kratzer-240x145.jpg 240w\" sizes=\"(max-width: 513px) 100vw, 513px\" \/><\/li>\n<\/ul>\n<p>Die Firma Kratzer s.r.o. wurde als die Tochterfirma von der Firma Kratzer GmbH im Jahr 1994 gegr\u00fcndet. Die Firma wurde in dieser Zeit als eine Familienfirma gegr\u00fcndet, wo das Majorit\u00e4tskapital zu der Firma Kratzer GmbH in Offenburg geh\u00f6rte hat. Dank unserer Mutterfirma k\u00f6nnte die Firma Kratzer s.r.o. gut gestartet wird, weil es m\u00f6glich w\u00e4re, die Erfahrungen und die Unterst\u00fctzung von der Firma Kratzer GmbH zu ziehen. Stufenweise wird die Firma Kratzer s.r.o. selbst\u00e4ndig gemacht und wurde im Bereich CNC Zerspanung\u00a0gute Erfolge erzielt. Im Jahr 2007 wurde die neue Produktionshalle aufgebaut, von kleinem Dorf Jasenn\u00e1 wurde komplette Produktion in diese neuen Produktionshalle umgezogen, dadurch wurden neue Gelegenheiten ge\u00f6ffnet. Schritt zu Schritt verbreiten wir unsere Produktion, bem\u00fchen wir uns jedes Jahr in neuen Technologie und neue Verfahren zu investieren, dadurch sind wir f\u00e4hig unsere Produktionskapazit\u00e4t zu erh\u00f6hen.So erhalten Sie h\u00f6chste Qualit\u00e4t zu einem optimalen Preis-\/Leistungsverh\u00e4ltnis. Und nat\u00fcrlich sind wir nach den aktuellen Standards ISO 9001: 2015 zertifiziert. Alle unsere\u00a075 Mitarbeiter tun alles daf\u00fcr, dass Sie sich bei uns wohlf\u00fchlen. Denn Ihre Zufriedenheit ist f\u00fcr uns das Wichtigste \u2013 von der bedingungslosen Qualit\u00e4t bis hin zur pers\u00f6nlichen Rundumbetreuung\u2026<\/p>\n<p><strong>Unsere Firma legt Nachdruck vor allem auf folgendes :<\/strong><\/p>\n<ul>\n<li>Zufriedenheit unserer Kunden ist unsere Top-Priorit\u00e4t!<\/li>\n<li>Investitionen in neue Technologie und Produktionsverfahren<\/li>\n<li>Die h\u00f6chste Qualit\u00e4t und die Motivation von unsern Mitarbeiter<\/li>\n<li>Laufende Bildung von unserem Mitarbeiter<\/li>\n<\/ul>\n<p><strong>Service:<\/strong><\/p>\n<ul>\n<li>CAD Technologie f\u00fcr die Unterst\u00fctzung von unseren Kunde<\/li>\n<li>Nat\u00fcrlich setzen wir f\u00fcr die Logistik nur modernste Systeme ein, damit Sie Ihre Teile absolut p\u00fcnktlich erhalten (Chargenverfolgung, JIT)<\/li>\n<li>In Zusammenhang mit der Fertigung von Teilen, welche W\u00e4rmebehandlung ben\u00f6tigen,\u00a0k\u00f6nnen wir Ihnen\u00a0eine\u00a0Vielfalt an W\u00e4rmebehandlungsverfahren\u00a0anbieten<\/li>\n<\/ul>\n<p><strong>Unsere Kunden wind von folgenden Branchen:<\/strong><\/p>\n<ul>\n<li>Automotivindustrie<\/li>\n<li>Hydraulik<\/li>\n<li>Ger\u00e4te und Maschinenbau<\/li>\n<li>Analysetechnik<\/li>\n<li>Antriebstechnik<\/li>\n<\/ul>\n<div class=\"fb-like\" data-share=\"true\" data-show-faces=\"true\" data-size=\"small\" data-action=\"like\" data-layout=\"standard\" data-width=\"350\" data-href=\"https:\/\/www.facebook.com\/kratzerczech\/\"><\/div>\n<p><\/p>","protected":false},"excerpt":{"rendered":"<p>Die Firma Kratzer s.r.o. wurde als die Tochterfirma von der Firma Kratzer GmbH im Jahr 1994 gegr\u00fcndet. Die Firma wurde in dieser Zeit als eine Familienfirma gegr\u00fcndet, wo das Majorit\u00e4tskapital&#8230; <\/p>\n","protected":false},"author":1,"featured_media":0,"parent":0,"menu_order":0,"comment_status":"closed","ping_status":"closed","template":"","meta":{"footnotes":""},"_links":{"self":[{"href":"https:\/\/kratzer.cz\/de\/wp-json\/wp\/v2\/pages\/6"}],"collection":[{"href":"https:\/\/kratzer.cz\/de\/wp-json\/wp\/v2\/pages"}],"about":[{"href":"https:\/\/kratzer.cz\/de\/wp-json\/wp\/v2\/types\/page"}],"author":[{"embeddable":true,"href":"https:\/\/kratzer.cz\/de\/wp-json\/wp\/v2\/users\/1"}],"replies":[{"embeddable":true,"href":"https:\/\/kratzer.cz\/de\/wp-json\/wp\/v2\/comments?post=6"}],"version-history":[{"count":44,"href":"https:\/\/kratzer.cz\/de\/wp-json\/wp\/v2\/pages\/6\/revisions"}],"predecessor-version":[{"id":410,"href":"https:\/\/kratzer.cz\/de\/wp-json\/wp\/v2\/pages\/6\/revisions\/410"}],"wp:attachment":[{"href":"https:\/\/kratzer.cz\/de\/wp-json\/wp\/v2\/media?parent=6"}],"curies":[{"name":"wp","href":"https:\/\/api.w.org\/{rel}","templated":true}]}}