{"id":8,"date":"2015-09-07T19:29:02","date_gmt":"2015-09-07T19:29:02","guid":{"rendered":"http:\/\/kratzer.cz\/?page_id=8"},"modified":"2019-06-19T13:40:23","modified_gmt":"2019-06-19T11:40:23","slug":"reference","status":"publish","type":"page","link":"https:\/\/kratzer.cz\/de\/reference\/","title":{"rendered":"Referenz"},"content":{"rendered":"<p><\/p>\n<h1 class=\"m_5848613852060764930entry-title\"><\/h1>\n<div class=\"m_5848613852060764930entry-content\">\n<ul>\n<li>Kratzer GmbH&amp;Co.KG,Offenburg, SRN &#8211; <a href=\"http:\/\/www.kratzer.de\/\">www.kratzer.de<\/a><\/li>\n<li>Linde MaterialHandlingGmbH &#8211; <a href=\"http:\/\/www.linde.de\/\">www.linde.de<\/a><\/li>\n<li>Alfred K\u00e4rcherGmbH, Winnenden &#8211; <a href=\"http:\/\/www.kaercher.com\/\">www.kaercher.com<\/a><\/li>\n<li>Robert Bosch Energy end Body System, Miskolc &#8211; <a href=\"http:\/\/www.bosch.com\/\">www.bosch.com<\/a><\/li>\n<li>Bosch Rexroth AG, Stuttgart &#8211; <a href=\"http:\/\/www.bosch.com\/\">www.bosch.com<\/a><\/li>\n<li>Zimmer GmbH, Rheinau &#8211; <a href=\"http:\/\/www.zimmer-group.de\/\">www.zimmer-group.de<\/a><\/li>\n<li>Benz GmbH Werkzeugsysteme, Rheinau &#8211; <a href=\"http:\/\/www.benz-tools.de\/\">www.benz-tools.de<\/a><\/li>\n<li>KNF Neuberger GmbH &#8211; <a href=\"http:\/\/www.knf.com\/\">www.knf.com<\/a><\/li>\n<li>KNF Neuberger Inc. Trenton, USA &#8211; <a href=\"http:\/\/www.knf.com\/\">www.knf.com<\/a><\/li>\n<li>Baumer Bourdon Haenni S.A.S. &#8211; <a href=\"http:\/\/www.baumer.com\/\">www.baumer.com<\/a><\/li>\n<li>Hilti Aktiengesellschaft , Schaan &#8211; <a href=\"http:\/\/www.hilti.com\/\">www.hilti.com<\/a><\/li>\n<li>Still GmbH Factory, Hamburg &#8211; <a href=\"http:\/\/www.still.de\/\">www.still.de<\/a><\/li>\n<li>Tumedei Spa, Italy<\/li>\n<li>Kuli\u010dkov\u00e9 \u0161rouby Ku\u0159im, a.s.- <a href=\"http:\/\/www.ksk-pm.cz\/\">www.ksk-pm.cz<\/a><\/li>\n<li>UMBRA GROUP Kuhn Pr\u00e4zisionspindelnundGewindetec<wbr \/>hnikGmbH &#8211; <a href=\"http:\/\/www.umbragroup.com\/\">www.umbragroup.com<\/a><\/li>\n<\/ul>\n<\/div>\n<p><\/p>","protected":false},"excerpt":{"rendered":"<p>Kratzer GmbH&amp;Co.KG,Offenburg, SRN &#8211; www.kratzer.de Linde MaterialHandlingGmbH &#8211; www.linde.de Alfred K\u00e4rcherGmbH, Winnenden &#8211; www.kaercher.com Robert Bosch Energy end Body System, Miskolc &#8211; www.bosch.com Bosch Rexroth AG, Stuttgart &#8211; www.bosch.com Zimmer&#8230; <\/p>\n","protected":false},"author":1,"featured_media":0,"parent":0,"menu_order":0,"comment_status":"closed","ping_status":"closed","template":"","meta":{"footnotes":""},"_links":{"self":[{"href":"https:\/\/kratzer.cz\/de\/wp-json\/wp\/v2\/pages\/8"}],"collection":[{"href":"https:\/\/kratzer.cz\/de\/wp-json\/wp\/v2\/pages"}],"about":[{"href":"https:\/\/kratzer.cz\/de\/wp-json\/wp\/v2\/types\/page"}],"author":[{"embeddable":true,"href":"https:\/\/kratzer.cz\/de\/wp-json\/wp\/v2\/users\/1"}],"replies":[{"embeddable":true,"href":"https:\/\/kratzer.cz\/de\/wp-json\/wp\/v2\/comments?post=8"}],"version-history":[{"count":17,"href":"https:\/\/kratzer.cz\/de\/wp-json\/wp\/v2\/pages\/8\/revisions"}],"predecessor-version":[{"id":320,"href":"https:\/\/kratzer.cz\/de\/wp-json\/wp\/v2\/pages\/8\/revisions\/320"}],"wp:attachment":[{"href":"https:\/\/kratzer.cz\/de\/wp-json\/wp\/v2\/media?parent=8"}],"curies":[{"name":"wp","href":"https:\/\/api.w.org\/{rel}","templated":true}]}}