{"id":12,"date":"2015-09-07T19:31:03","date_gmt":"2015-09-07T19:31:03","guid":{"rendered":"http:\/\/kratzer.cz\/?page_id=12"},"modified":"2021-02-14T11:19:57","modified_gmt":"2021-02-14T09:19:57","slug":"kariera","status":"publish","type":"page","link":"https:\/\/kratzer.cz\/en\/kariera\/","title":{"rendered":"Job"},"content":{"rendered":"<p>Pokud byste cht\u011bli pracovat v na\u0161em Teamu, vypl\u0148te formul\u00e1\u0159 a v p\u0159\u00edpad\u011b z\u00e1jmu se ozveme.<\/p>\n<p><div role=\"form\" class=\"wpcf7\" id=\"wpcf7-f51-o2\" lang=\"en-US\" dir=\"ltr\">\n<div class=\"screen-reader-response\"><p role=\"status\" aria-live=\"polite\" aria-atomic=\"true\"><\/p> <ul><\/ul><\/div>\n<form action=\"\/en\/wp-json\/wp\/v2\/pages\/12#wpcf7-f51-o2\" method=\"post\" class=\"wpcf7-form init\" novalidate=\"novalidate\" data-status=\"init\">\n<div style=\"display: none;\">\n<input type=\"hidden\" name=\"_wpcf7\" value=\"51\" \/>\n<input type=\"hidden\" name=\"_wpcf7_version\" value=\"5.5.5\" \/>\n<input type=\"hidden\" name=\"_wpcf7_locale\" value=\"en_US\" \/>\n<input type=\"hidden\" name=\"_wpcf7_unit_tag\" value=\"wpcf7-f51-o2\" \/>\n<input type=\"hidden\" name=\"_wpcf7_container_post\" value=\"0\" \/>\n<input type=\"hidden\" name=\"_wpcf7_posted_data_hash\" value=\"\" \/>\n<\/div>\n<p>Va\u0161e jm\u00e9no a p\u0159\u00edjmen\u00ed (*): <br \/>\n    <span class=\"wpcf7-form-control-wrap jmeno\"><input type=\"text\" name=\"jmeno\" value=\"\" size=\"40\" class=\"wpcf7-form-control wpcf7-text wpcf7-validates-as-required\" aria-required=\"true\" aria-invalid=\"false\" \/><\/span> <\/p>\n<p>Bydli\u0161t\u011b (*): <br \/>\n    <span class=\"wpcf7-form-control-wrap bydliste\"><input type=\"text\" name=\"bydliste\" value=\"\" size=\"40\" class=\"wpcf7-form-control wpcf7-text wpcf7-validates-as-required\" aria-required=\"true\" aria-invalid=\"false\" \/><\/span> <\/p>\n<p>Vzd\u011bl\u00e1n\u00ed (*): <br \/>\n    <span class=\"wpcf7-form-control-wrap vzdelani\"><input type=\"text\" name=\"vzdelani\" value=\"\" size=\"40\" class=\"wpcf7-form-control wpcf7-text wpcf7-validates-as-required\" aria-required=\"true\" aria-invalid=\"false\" \/><\/span> <\/p>\n<p>Praxe (*): <br \/>\n    <span class=\"wpcf7-form-control-wrap praxe\"><input type=\"text\" name=\"praxe\" value=\"\" size=\"40\" class=\"wpcf7-form-control wpcf7-text wpcf7-validates-as-required\" aria-required=\"true\" aria-invalid=\"false\" \/><\/span> <\/p>\n<p>Email (*): <br \/>\n    <span class=\"wpcf7-form-control-wrap Email\"><input type=\"email\" name=\"Email\" value=\"\" size=\"40\" class=\"wpcf7-form-control wpcf7-text wpcf7-email wpcf7-validates-as-required wpcf7-validates-as-email\" aria-required=\"true\" aria-invalid=\"false\" \/><\/span> <\/p>\n<p>Telefon: <br \/>\n<span class=\"wpcf7-form-control-wrap telefon\"><input type=\"tel\" name=\"telefon\" value=\"\" size=\"40\" class=\"wpcf7-form-control wpcf7-text wpcf7-tel wpcf7-validates-as-tel\" aria-invalid=\"false\" \/><\/span> <\/p>\n<p>Dal\u0161\u00ed zku\u0161enosti, znalosti, pozn\u00e1mky:<br \/>\n    <span class=\"wpcf7-form-control-wrap your-message\"><textarea name=\"your-message\" cols=\"40\" rows=\"10\" class=\"wpcf7-form-control wpcf7-textarea\" aria-invalid=\"false\"><\/textarea><\/span> <\/p>\n<p><input type=\"hidden\" name=\"_wpcf7_captcha_challenge_captcha-360\" value=\"3935761153\" \/><img loading=\"lazy\" decoding=\"async\" class=\"wpcf7-form-control wpcf7-captchac wpcf7-captcha-captcha-360\" width=\"72\" height=\"24\" alt=\"captcha\" src=\"https:\/\/kratzer.cz\/wp-content\/uploads\/wpcf7_captcha\/3935761153.png\" \/> <span class=\"wpcf7-form-control-wrap captcha-360\"><input type=\"text\" name=\"captcha-360\" value=\"\" size=\"40\" class=\"wpcf7-form-control wpcf7-captchar\" autocomplete=\"off\" aria-invalid=\"false\" \/><\/span> <\/p>\n<p style=\"font-size: 10px\">* Povinn\u00e9 polo\u017eky<\/p>\n<p><input type=\"submit\" value=\"Odeslat\" class=\"wpcf7-form-control has-spinner wpcf7-submit\" \/><\/p>\n<div class=\"wpcf7-response-output\" aria-hidden=\"true\"><\/div><\/form><\/div>Pokud byste cht\u011bli pracovat v na\u0161em Teamu, vypl\u0148te formul\u00e1\u0159 a v p\u0159\u00edpad\u011b z\u00e1jmu se ozveme.<\/p>\n<p><div role=\"form\" class=\"wpcf7\" id=\"wpcf7-f51-o4\" lang=\"en-US\" dir=\"ltr\">\n<div class=\"screen-reader-response\"><p role=\"status\" aria-live=\"polite\" aria-atomic=\"true\"><\/p> <ul><\/ul><\/div>\n<form action=\"\/en\/wp-json\/wp\/v2\/pages\/12#wpcf7-f51-o4\" method=\"post\" class=\"wpcf7-form init\" novalidate=\"novalidate\" data-status=\"init\">\n<div style=\"display: none;\">\n<input type=\"hidden\" name=\"_wpcf7\" value=\"51\" \/>\n<input type=\"hidden\" name=\"_wpcf7_version\" value=\"5.5.5\" \/>\n<input type=\"hidden\" name=\"_wpcf7_locale\" value=\"en_US\" \/>\n<input type=\"hidden\" name=\"_wpcf7_unit_tag\" value=\"wpcf7-f51-o4\" \/>\n<input type=\"hidden\" name=\"_wpcf7_container_post\" value=\"0\" \/>\n<input type=\"hidden\" name=\"_wpcf7_posted_data_hash\" value=\"\" \/>\n<\/div>\n<p>Va\u0161e jm\u00e9no a p\u0159\u00edjmen\u00ed (*): <br \/>\n    <span class=\"wpcf7-form-control-wrap jmeno\"><input type=\"text\" name=\"jmeno\" value=\"\" size=\"40\" class=\"wpcf7-form-control wpcf7-text wpcf7-validates-as-required\" aria-required=\"true\" aria-invalid=\"false\" \/><\/span> <\/p>\n<p>Bydli\u0161t\u011b (*): <br \/>\n    <span class=\"wpcf7-form-control-wrap bydliste\"><input type=\"text\" name=\"bydliste\" value=\"\" size=\"40\" class=\"wpcf7-form-control wpcf7-text wpcf7-validates-as-required\" aria-required=\"true\" aria-invalid=\"false\" \/><\/span> <\/p>\n<p>Vzd\u011bl\u00e1n\u00ed (*): <br \/>\n    <span class=\"wpcf7-form-control-wrap vzdelani\"><input type=\"text\" name=\"vzdelani\" value=\"\" size=\"40\" class=\"wpcf7-form-control wpcf7-text wpcf7-validates-as-required\" aria-required=\"true\" aria-invalid=\"false\" \/><\/span> <\/p>\n<p>Praxe (*): <br \/>\n    <span class=\"wpcf7-form-control-wrap praxe\"><input type=\"text\" name=\"praxe\" value=\"\" size=\"40\" class=\"wpcf7-form-control wpcf7-text wpcf7-validates-as-required\" aria-required=\"true\" aria-invalid=\"false\" \/><\/span> <\/p>\n<p>Email (*): <br \/>\n    <span class=\"wpcf7-form-control-wrap Email\"><input type=\"email\" name=\"Email\" value=\"\" size=\"40\" class=\"wpcf7-form-control wpcf7-text wpcf7-email wpcf7-validates-as-required wpcf7-validates-as-email\" aria-required=\"true\" aria-invalid=\"false\" \/><\/span> <\/p>\n<p>Telefon: <br \/>\n<span class=\"wpcf7-form-control-wrap telefon\"><input type=\"tel\" name=\"telefon\" value=\"\" size=\"40\" class=\"wpcf7-form-control wpcf7-text wpcf7-tel wpcf7-validates-as-tel\" aria-invalid=\"false\" \/><\/span> <\/p>\n<p>Dal\u0161\u00ed zku\u0161enosti, znalosti, pozn\u00e1mky:<br \/>\n    <span class=\"wpcf7-form-control-wrap your-message\"><textarea name=\"your-message\" cols=\"40\" rows=\"10\" class=\"wpcf7-form-control wpcf7-textarea\" aria-invalid=\"false\"><\/textarea><\/span> <\/p>\n<p><input type=\"hidden\" name=\"_wpcf7_captcha_challenge_captcha-360\" value=\"1569999257\" \/><img loading=\"lazy\" decoding=\"async\" class=\"wpcf7-form-control wpcf7-captchac wpcf7-captcha-captcha-360\" width=\"72\" height=\"24\" alt=\"captcha\" src=\"https:\/\/kratzer.cz\/wp-content\/uploads\/wpcf7_captcha\/1569999257.png\" \/> <span class=\"wpcf7-form-control-wrap captcha-360\"><input type=\"text\" name=\"captcha-360\" value=\"\" size=\"40\" class=\"wpcf7-form-control wpcf7-captchar\" autocomplete=\"off\" aria-invalid=\"false\" \/><\/span> <\/p>\n<p style=\"font-size: 10px\">* Povinn\u00e9 polo\u017eky<\/p>\n<p><input type=\"submit\" value=\"Odeslat\" class=\"wpcf7-form-control has-spinner wpcf7-submit\" \/><\/p>\n<div class=\"wpcf7-response-output\" aria-hidden=\"true\"><\/div><\/form><\/div><\/p>","protected":false},"excerpt":{"rendered":"<p>Pokud byste cht\u011bli pracovat v na\u0161em Teamu, vypl\u0148te formul\u00e1\u0159 a v p\u0159\u00edpad\u011b z\u00e1jmu se ozveme. Pokud byste cht\u011bli pracovat v na\u0161em Teamu, vypl\u0148te formul\u00e1\u0159 a v p\u0159\u00edpad\u011b z\u00e1jmu se ozveme.<\/p>\n","protected":false},"author":1,"featured_media":0,"parent":0,"menu_order":0,"comment_status":"closed","ping_status":"closed","template":"","meta":{"footnotes":""},"_links":{"self":[{"href":"https:\/\/kratzer.cz\/en\/wp-json\/wp\/v2\/pages\/12"}],"collection":[{"href":"https:\/\/kratzer.cz\/en\/wp-json\/wp\/v2\/pages"}],"about":[{"href":"https:\/\/kratzer.cz\/en\/wp-json\/wp\/v2\/types\/page"}],"author":[{"embeddable":true,"href":"https:\/\/kratzer.cz\/en\/wp-json\/wp\/v2\/users\/1"}],"replies":[{"embeddable":true,"href":"https:\/\/kratzer.cz\/en\/wp-json\/wp\/v2\/comments?post=12"}],"version-history":[{"count":13,"href":"https:\/\/kratzer.cz\/en\/wp-json\/wp\/v2\/pages\/12\/revisions"}],"predecessor-version":[{"id":419,"href":"https:\/\/kratzer.cz\/en\/wp-json\/wp\/v2\/pages\/12\/revisions\/419"}],"wp:attachment":[{"href":"https:\/\/kratzer.cz\/en\/wp-json\/wp\/v2\/media?parent=12"}],"curies":[{"name":"wp","href":"https:\/\/api.w.org\/{rel}","templated":true}]}}