{"id":14,"date":"2015-09-07T19:31:56","date_gmt":"2015-09-07T17:31:56","guid":{"rendered":"http:\/\/kratzer.cz\/?page_id=14"},"modified":"2024-02-06T10:34:12","modified_gmt":"2024-02-06T08:34:12","slug":"kontakty","status":"publish","type":"page","link":"https:\/\/kratzer.cz\/en\/kontakty\/","title":{"rendered":"Contacts"},"content":{"rendered":"<p><strong>Kratzer s.r.o.<\/strong><br \/>\n<strong>Adresa: <\/strong><strong>Doleck\u00e1 15 \u2013 pr\u016fmyslov\u00e1 z\u00f3na<\/strong><br \/>\n<strong>Jarom\u011b\u0159 551\u00a001<\/strong><br \/>\nTel: 00420 491 881 127<br \/>\nFax: 00420 491 881 989<\/p>\n<p>e-mail: <a href=\"mailto:Info@kratzer.cz\">info@kratzer.cz<\/a><\/p>\n<p>I\u010cO: 609 31\u00a0124<br \/>\nDI\u010c: CZ609 31\u00a0124<\/p>\n<p><strong>Bankovn\u00ed spojen\u00ed:<\/strong><\/p>\n<ul>\n<li>KB Jarom\u011b\u0159: \u010d\u00edslo \u00fa\u010dtu: 47506551\/0100<\/li>\n<li>\u010cSOB Jarom\u011b\u0159: 263741302\/0300<\/li>\n<\/ul>\n<p>Pr\u00e1vn\u00ed forma: Spole\u010dnost s\u00a0ru\u010den\u00edm omezen\u00fdm<\/p>\n<p><strong>Jednatelka:<\/strong><\/p>\n<ul>\n<li>Olga Holubov\u00e1 \u2013 <a href=\"mailto:olga.holubova@kratzer.cz\">olga.holubova@kratzer.cz<\/a><\/li>\n<\/ul>\n<p><strong>Vedouc\u00ed v\u00fdroby :<\/strong><\/p>\n<ul>\n<li>Petr Zelen\u00fd \u2013 <a href=\"mailto:petr.zeleny@kratzer.cz\">petr.zeleny@kratzer.cz<\/a><\/li>\n<\/ul>\n<p><strong>Technologie:<\/strong><\/p>\n<ul>\n<li>Stanislav Muller &#8211; <a href=\"mailto:stanislav.muller@kratzer.cz\">stanislav.muller@kratzer.cz<\/a><\/li>\n<\/ul>\n<p><strong>Kvalita:<\/strong><\/p>\n<ul>\n<li>Renata \u0160kvrnov\u00e1 &#8211; <a href=\"mailto:renata.skvrnova@kratzer.cz\">renata.skvrnova@kratzer.cz<\/a><\/li>\n<li>Ji\u0159\u00ed Doubic \u2013 <a href=\"mailto:jiri.doubic@kratzer.cz\">jiri.doubic@kratzer.cz<\/a><\/li>\n<li>Martin Stan\u011bk\u00a0 \u2013<a href=\"mailto:martin.stanek@kratzer.cz\">martin.stanek@kratzer.cz<\/a><\/li>\n<li>Michal Karoli &#8211; <a href=\"mailto:michal.karoli@kratzer.cz\">michal.karoli@kratzer.cz<\/a><\/li>\n<\/ul>\n<p><strong>Logistika:<\/strong><\/p>\n<ul>\n<li>Petra Run\u0161tukov\u00e1 &#8211; <a href=\"mailto:petra.runstukova@kratzer.cz\">petra.runstukova@kratzer.cz<\/a><\/li>\n<li>tel: +420 491 814 607<\/li>\n<\/ul>\n<p><strong>Mist\u0159i:<\/strong><\/p>\n<ul>\n<li>Anton\u00edn Bo\u010dan \u2013 <a href=\"mailto:antonin.bocan@kratzer.cz\">antonin.bocan@kratzer.cz<\/a><\/li>\n<li>Roman Barto\u0161 \u2013 <a href=\"mailto:roman.bartos@kratzer.cz\">roman.bartos@kratzer.cz<\/a><\/li>\n<\/ul>\n<p><strong>\u00da\u010detn\u00ed:<\/strong><\/p>\n<ul>\n<li>Vlasta Pischov\u00e1 \u2013 <a href=\"mailto:vlasta.pischova@kratzer.cz\">vlasta.pischova@kratzer.cz<\/a><\/li>\n<\/ul>\n<p><\/p>","protected":false},"excerpt":{"rendered":"<p>Kratzer s.r.o. Adresa: Doleck\u00e1 15 \u2013 pr\u016fmyslov\u00e1 z\u00f3na Jarom\u011b\u0159 551\u00a001 Tel: 00420 491 881 127 Fax: 00420 491 881 989 e-mail: info@kratzer.cz I\u010cO: 609 31\u00a0124 DI\u010c: CZ609 31\u00a0124 Bankovn\u00ed spojen\u00ed:&#8230; <\/p>\n","protected":false},"author":1,"featured_media":0,"parent":0,"menu_order":0,"comment_status":"closed","ping_status":"closed","template":"","meta":{"footnotes":""},"_links":{"self":[{"href":"https:\/\/kratzer.cz\/en\/wp-json\/wp\/v2\/pages\/14"}],"collection":[{"href":"https:\/\/kratzer.cz\/en\/wp-json\/wp\/v2\/pages"}],"about":[{"href":"https:\/\/kratzer.cz\/en\/wp-json\/wp\/v2\/types\/page"}],"author":[{"embeddable":true,"href":"https:\/\/kratzer.cz\/en\/wp-json\/wp\/v2\/users\/1"}],"replies":[{"embeddable":true,"href":"https:\/\/kratzer.cz\/en\/wp-json\/wp\/v2\/comments?post=14"}],"version-history":[{"count":118,"href":"https:\/\/kratzer.cz\/en\/wp-json\/wp\/v2\/pages\/14\/revisions"}],"predecessor-version":[{"id":454,"href":"https:\/\/kratzer.cz\/en\/wp-json\/wp\/v2\/pages\/14\/revisions\/454"}],"wp:attachment":[{"href":"https:\/\/kratzer.cz\/en\/wp-json\/wp\/v2\/media?parent=14"}],"curies":[{"name":"wp","href":"https:\/\/api.w.org\/{rel}","templated":true}]}}