{"id":4,"date":"2015-09-07T19:26:54","date_gmt":"2015-09-07T19:26:54","guid":{"rendered":"http:\/\/kratzer.cz\/?page_id=4"},"modified":"2015-09-07T19:26:54","modified_gmt":"2015-09-07T19:26:54","slug":"uvod","status":"publish","type":"page","link":"https:\/\/kratzer.cz\/en\/uvod\/","title":{"rendered":"\u00davod"},"content":{"rendered":"<p>V\u00edtejte na str\u00e1nk\u00e1ch spole\u010dnosti Kratzer s.r.o.<\/p>\n<p>P\u0159esn\u00e9 CNC obr\u00e1b\u011bn\u00ed<\/p>\n<p><strong>N\u011bjak\u00fd obr\u00e1zek ISO &#8211; doplnit<br \/>\n<\/strong><\/p>\n","protected":false},"excerpt":{"rendered":"<p>V\u00edtejte na str\u00e1nk\u00e1ch spole\u010dnosti Kratzer s.r.o. P\u0159esn\u00e9 CNC obr\u00e1b\u011bn\u00ed N\u011bjak\u00fd obr\u00e1zek ISO &#8211; doplnit<\/p>\n","protected":false},"author":1,"featured_media":0,"parent":0,"menu_order":0,"comment_status":"closed","ping_status":"closed","template":"","meta":{"footnotes":""},"_links":{"self":[{"href":"https:\/\/kratzer.cz\/en\/wp-json\/wp\/v2\/pages\/4"}],"collection":[{"href":"https:\/\/kratzer.cz\/en\/wp-json\/wp\/v2\/pages"}],"about":[{"href":"https:\/\/kratzer.cz\/en\/wp-json\/wp\/v2\/types\/page"}],"author":[{"embeddable":true,"href":"https:\/\/kratzer.cz\/en\/wp-json\/wp\/v2\/users\/1"}],"replies":[{"embeddable":true,"href":"https:\/\/kratzer.cz\/en\/wp-json\/wp\/v2\/comments?post=4"}],"version-history":[{"count":1,"href":"https:\/\/kratzer.cz\/en\/wp-json\/wp\/v2\/pages\/4\/revisions"}],"predecessor-version":[{"id":5,"href":"https:\/\/kratzer.cz\/en\/wp-json\/wp\/v2\/pages\/4\/revisions\/5"}],"wp:attachment":[{"href":"https:\/\/kratzer.cz\/en\/wp-json\/wp\/v2\/media?parent=4"}],"curies":[{"name":"wp","href":"https:\/\/api.w.org\/{rel}","templated":true}]}}